{"id":1360,"date":"2025-03-07T14:34:00","date_gmt":"2025-03-07T13:34:00","guid":{"rendered":"https:\/\/plath-corporation.de\/history\/"},"modified":"2025-03-26T16:50:09","modified_gmt":"2025-03-26T15:50:09","slug":"history","status":"publish","type":"page","link":"https:\/\/plath-corporation.de\/en\/history\/","title":{"rendered":"History"},"content":{"rendered":"\t\t<div data-elementor-type=\"wp-page\" data-elementor-id=\"1360\" class=\"elementor elementor-1360 elementor-259\" data-elementor-post-type=\"page\">\n\t\t\t\t<div class=\"elementor-element elementor-element-081bda0 e-con-full e-flex e-con e-child\" data-id=\"081bda0\" data-element_type=\"container\" data-e-type=\"container\" data-settings=\"{&quot;background_background&quot;:&quot;classic&quot;,&quot;jet_parallax_layout_list&quot;:[]}\">\n\t\t<div class=\"elementor-element elementor-element-0561ef2 e-con-full e-flex e-con e-child\" data-id=\"0561ef2\" data-element_type=\"container\" data-e-type=\"container\" data-settings=\"{&quot;background_background&quot;:&quot;classic&quot;,&quot;jet_parallax_layout_list&quot;:[]}\">\n\t\t<div class=\"elementor-element elementor-element-369c9e7 e-con-full e-flex e-con e-child\" data-id=\"369c9e7\" data-element_type=\"container\" data-e-type=\"container\" data-settings=\"{&quot;jet_parallax_layout_list&quot;:[]}\">\n\t\t\t\t<div class=\"elementor-element elementor-element-a7fc292 elementor-widget elementor-widget-heading\" data-id=\"a7fc292\" data-element_type=\"widget\" data-e-type=\"widget\" data-widget_type=\"heading.default\">\n\t\t\t\t<div class=\"elementor-widget-container\">\n\t\t\t\t\t<h2 class=\"elementor-heading-title elementor-size-default\">STARTED WITH AN IDEA<br><span class=\"titelfett\">GROWN THROUGH INNOVATIVE SPIRIT<\/span><\/h2>\t\t\t\t<\/div>\n\t\t\t\t<\/div>\n\t\t\t\t<div class=\"elementor-element elementor-element-1e35e71 elementor-widget elementor-widget-text-editor\" data-id=\"1e35e71\" data-element_type=\"widget\" data-e-type=\"widget\" data-widget_type=\"text-editor.default\">\n\t\t\t\t<div class=\"elementor-widget-container\">\n\t\t\t\t\t\t\t\t\tFrom 1837 to the present day, our history has been characterized by historic moments of success and a consistently clear vision: to shape the future through innovative thinking and action.\t\t\t\t\t\t\t\t<\/div>\n\t\t\t\t<\/div>\n\t\t\t\t<\/div>\n\t\t\t\t<\/div>\n\t\t\t\t<\/div>\n\t\t<div class=\"elementor-element elementor-element-963188a e-flex e-con-boxed e-con e-parent\" data-id=\"963188a\" data-element_type=\"container\" data-e-type=\"container\" data-settings=\"{&quot;jet_parallax_layout_list&quot;:[]}\">\n\t\t\t\t\t<div class=\"e-con-inner\">\n\t\t\t\t<div class=\"elementor-element elementor-element-90db590 elementor-widget elementor-widget-jet-timeline\" data-id=\"90db590\" data-element_type=\"widget\" data-e-type=\"widget\" data-widget_type=\"jet-timeline.default\">\n\t\t\t\t<div class=\"elementor-widget-container\">\n\t\t\t\t\t<div class=\"elementor-jet-timeline jet-elements\"><div class=\"jet-timeline jet-timeline--align-center jet-timeline--align-middle\">\n\t<div class=\"jet-timeline__line\"><div class=\"jet-timeline__line-progress\"><\/div><\/div>\n\t<div class=\"jet-timeline-list\"><div class=\"jet-timeline-item  elementor-repeater-item-a6548d6 jet-timeline-item--image-inside\">\n\t<div class=\"timeline-item__card\">\n\t\t<div class=\"timeline-item__card-inner\">\n\t\t\t\t<div class=\"timeline-item__card-img\"><img fetchpriority=\"high\" decoding=\"async\" width=\"800\" height=\"726\" src=\"https:\/\/plath-corporation.de\/wp-content\/uploads\/Sextant.jpg\" class=\"attachment-full size-full wp-image-601\" alt=\"Schwarz-wei\u00df-Fotografie eines historischen Sextants aus dem 19. Jahrhundert in einem dunklen Farbton mit feinen Gravuren und beweglichen Elementen zur Winkelmessung.\" srcset=\"https:\/\/plath-corporation.de\/wp-content\/uploads\/Sextant.jpg 800w, https:\/\/plath-corporation.de\/wp-content\/uploads\/Sextant-150x136.jpg 150w, https:\/\/plath-corporation.de\/wp-content\/uploads\/Sextant-768x697.jpg 768w\" sizes=\"(max-width: 800px) 100vw, 800px\" \/><\/div>\t\t\t\t<div class=\"timeline-item__card-content\">\n\t\t\t\t\t<div class=\"timeline-item__meta\"><div class=\"timeline-item__meta-content\">1837<\/div><\/div><h5 class=\"timeline-item__card-title\">Our historical roots<\/h5><div class=\"timeline-item__card-desc\">The North German instrument maker David Filby founds a store for nautical instruments and maps in Hamburg, which 100 years later becomes C. PLATH KG after being taken over by Carl Christian Plath.<\/div>\t\t\t\t<\/div>\n\t\t\t\t\t\t<\/div>\n\t\t<div class=\"timeline-item__card-arrow\"><\/div>\n\t<\/div>\n\t<div class=\"timeline-item__point\"><div class=\"timeline-item__point-content timeline-item__point-content--icon\"><span class=\"jet-elements-icon\"><svg aria-hidden=\"true\" class=\"e-font-icon-svg e-fas-calendar-alt\" viewBox=\"0 0 448 512\" xmlns=\"http:\/\/www.w3.org\/2000\/svg\"><path d=\"M0 464c0 26.5 21.5 48 48 48h352c26.5 0 48-21.5 48-48V192H0v272zm320-196c0-6.6 5.4-12 12-12h40c6.6 0 12 5.4 12 12v40c0 6.6-5.4 12-12 12h-40c-6.6 0-12-5.4-12-12v-40zm0 128c0-6.6 5.4-12 12-12h40c6.6 0 12 5.4 12 12v40c0 6.6-5.4 12-12 12h-40c-6.6 0-12-5.4-12-12v-40zM192 268c0-6.6 5.4-12 12-12h40c6.6 0 12 5.4 12 12v40c0 6.6-5.4 12-12 12h-40c-6.6 0-12-5.4-12-12v-40zm0 128c0-6.6 5.4-12 12-12h40c6.6 0 12 5.4 12 12v40c0 6.6-5.4 12-12 12h-40c-6.6 0-12-5.4-12-12v-40zM64 268c0-6.6 5.4-12 12-12h40c6.6 0 12 5.4 12 12v40c0 6.6-5.4 12-12 12H76c-6.6 0-12-5.4-12-12v-40zm0 128c0-6.6 5.4-12 12-12h40c6.6 0 12 5.4 12 12v40c0 6.6-5.4 12-12 12H76c-6.6 0-12-5.4-12-12v-40zM400 64h-48V16c0-8.8-7.2-16-16-16h-32c-8.8 0-16 7.2-16 16v48H160V16c0-8.8-7.2-16-16-16h-32c-8.8 0-16 7.2-16 16v48H48C21.5 64 0 85.5 0 112v48h448v-48c0-26.5-21.5-48-48-48z\"><\/path><\/svg><\/span><\/div><\/div><div class=\"timeline-item__meta\"><div class=\"timeline-item__meta-content\">1837<\/div><\/div><\/div><div class=\"jet-timeline-item  elementor-repeater-item-968c71b jet-timeline-item--image-inside\">\n\t<div class=\"timeline-item__card\">\n\t\t<div class=\"timeline-item__card-inner\">\n\t\t\t\t<div class=\"timeline-item__card-img\"><img decoding=\"async\" width=\"500\" height=\"658\" src=\"https:\/\/plath-corporation.de\/wp-content\/uploads\/Dr_Waechtler.jpg\" class=\"attachment-full size-full wp-image-612\" alt=\"Schwarz-Wei\u00df-Portr\u00e4t-Fotografie von Dr. Maximilian W\u00e4chtler aus dem 20. Jahrhundert. Er ist auf diesem Bild etwa 60 Jahre alt und tr\u00e4gt eine kleine, runde Metallbrille und einen Anzug mit Krawatte.\" srcset=\"https:\/\/plath-corporation.de\/wp-content\/uploads\/Dr_Waechtler.jpg 500w, https:\/\/plath-corporation.de\/wp-content\/uploads\/Dr_Waechtler-114x150.jpg 114w\" sizes=\"(max-width: 500px) 100vw, 500px\" \/><\/div>\t\t\t\t<div class=\"timeline-item__card-content\">\n\t\t\t\t\t<div class=\"timeline-item__meta\"><div class=\"timeline-item__meta-content\">1929<\/div><\/div><h5 class=\"timeline-item__card-title\">With passion and a pioneering spirit<\/h5><div class=\"timeline-item__card-desc\">Dr. Maximilian W\u00e4chtler, who later joined PLATH, begins his research in the field of radio navigation (RDF) and receives his first patent in 1935. He publishes various scientific articles and starts the production of radio direction finders at C. PLATH KG in 1949.<\/div>\t\t\t\t<\/div>\n\t\t\t\t\t\t<\/div>\n\t\t<div class=\"timeline-item__card-arrow\"><\/div>\n\t<\/div>\n\t<div class=\"timeline-item__point\"><div class=\"timeline-item__point-content timeline-item__point-content--icon\"><span class=\"jet-elements-icon\"><svg aria-hidden=\"true\" class=\"e-font-icon-svg e-fas-calendar-alt\" viewBox=\"0 0 448 512\" xmlns=\"http:\/\/www.w3.org\/2000\/svg\"><path d=\"M0 464c0 26.5 21.5 48 48 48h352c26.5 0 48-21.5 48-48V192H0v272zm320-196c0-6.6 5.4-12 12-12h40c6.6 0 12 5.4 12 12v40c0 6.6-5.4 12-12 12h-40c-6.6 0-12-5.4-12-12v-40zm0 128c0-6.6 5.4-12 12-12h40c6.6 0 12 5.4 12 12v40c0 6.6-5.4 12-12 12h-40c-6.6 0-12-5.4-12-12v-40zM192 268c0-6.6 5.4-12 12-12h40c6.6 0 12 5.4 12 12v40c0 6.6-5.4 12-12 12h-40c-6.6 0-12-5.4-12-12v-40zm0 128c0-6.6 5.4-12 12-12h40c6.6 0 12 5.4 12 12v40c0 6.6-5.4 12-12 12h-40c-6.6 0-12-5.4-12-12v-40zM64 268c0-6.6 5.4-12 12-12h40c6.6 0 12 5.4 12 12v40c0 6.6-5.4 12-12 12H76c-6.6 0-12-5.4-12-12v-40zm0 128c0-6.6 5.4-12 12-12h40c6.6 0 12 5.4 12 12v40c0 6.6-5.4 12-12 12H76c-6.6 0-12-5.4-12-12v-40zM400 64h-48V16c0-8.8-7.2-16-16-16h-32c-8.8 0-16 7.2-16 16v48H160V16c0-8.8-7.2-16-16-16h-32c-8.8 0-16 7.2-16 16v48H48C21.5 64 0 85.5 0 112v48h448v-48c0-26.5-21.5-48-48-48z\"><\/path><\/svg><\/span><\/div><\/div><div class=\"timeline-item__meta\"><div class=\"timeline-item__meta-content\">1929<\/div><\/div><\/div><div class=\"jet-timeline-item  elementor-repeater-item-876697d jet-timeline-item--image-inside\">\n\t<div class=\"timeline-item__card\">\n\t\t<div class=\"timeline-item__card-inner\">\n\t\t\t\t<div class=\"timeline-item__card-img\"><img decoding=\"async\" width=\"500\" height=\"517\" src=\"https:\/\/plath-corporation.de\/wp-content\/uploads\/Das_Kompasshaus.jpg\" class=\"attachment-full size-full wp-image-614\" alt=\"Historische Schwarz-Wei\u00df-Fotografie des Hamburger \u201eKompasshauses\u201d aus der Mitte des 20. Jahrhunderts. Das Haus tr\u00e4gt den geschwungenen Schriftzug \u201eKompasshaus - C. PLATH\u201c und besteht aus einem hohen, dunklen Backstein-Haus auf der rechten und einem niedrigeren, wei\u00dfen Fachwerk-Haus auf der linken Seite. Im Hintergrund ist die Spitze eines Kirchturms im Nebel zu erkennen.\" srcset=\"https:\/\/plath-corporation.de\/wp-content\/uploads\/Das_Kompasshaus.jpg 500w, https:\/\/plath-corporation.de\/wp-content\/uploads\/Das_Kompasshaus-145x150.jpg 145w\" sizes=\"(max-width: 500px) 100vw, 500px\" \/><\/div>\t\t\t\t<div class=\"timeline-item__card-content\">\n\t\t\t\t\t<div class=\"timeline-item__meta\"><div class=\"timeline-item__meta-content\">1954<\/div><\/div><h5 class=\"timeline-item__card-title\">Foundation in the Kompasshaus<\/h5><div class=\"timeline-item__card-desc\">The economic wonder is in full swing and the demand for radio navigation devices is so strong that the business branch grows into an independent company: Dr. Maximilian W\u00e4chtler founds C. PLATH GmbH in the \"Kompasshaus\" at Stubbenhuk 25 in Hamburg.<\/div>\t\t\t\t<\/div>\n\t\t\t\t\t\t<\/div>\n\t\t<div class=\"timeline-item__card-arrow\"><\/div>\n\t<\/div>\n\t<div class=\"timeline-item__point\"><div class=\"timeline-item__point-content timeline-item__point-content--icon\"><span class=\"jet-elements-icon\"><svg aria-hidden=\"true\" class=\"e-font-icon-svg e-fas-calendar-alt\" viewBox=\"0 0 448 512\" xmlns=\"http:\/\/www.w3.org\/2000\/svg\"><path d=\"M0 464c0 26.5 21.5 48 48 48h352c26.5 0 48-21.5 48-48V192H0v272zm320-196c0-6.6 5.4-12 12-12h40c6.6 0 12 5.4 12 12v40c0 6.6-5.4 12-12 12h-40c-6.6 0-12-5.4-12-12v-40zm0 128c0-6.6 5.4-12 12-12h40c6.6 0 12 5.4 12 12v40c0 6.6-5.4 12-12 12h-40c-6.6 0-12-5.4-12-12v-40zM192 268c0-6.6 5.4-12 12-12h40c6.6 0 12 5.4 12 12v40c0 6.6-5.4 12-12 12h-40c-6.6 0-12-5.4-12-12v-40zm0 128c0-6.6 5.4-12 12-12h40c6.6 0 12 5.4 12 12v40c0 6.6-5.4 12-12 12h-40c-6.6 0-12-5.4-12-12v-40zM64 268c0-6.6 5.4-12 12-12h40c6.6 0 12 5.4 12 12v40c0 6.6-5.4 12-12 12H76c-6.6 0-12-5.4-12-12v-40zm0 128c0-6.6 5.4-12 12-12h40c6.6 0 12 5.4 12 12v40c0 6.6-5.4 12-12 12H76c-6.6 0-12-5.4-12-12v-40zM400 64h-48V16c0-8.8-7.2-16-16-16h-32c-8.8 0-16 7.2-16 16v48H160V16c0-8.8-7.2-16-16-16h-32c-8.8 0-16 7.2-16 16v48H48C21.5 64 0 85.5 0 112v48h448v-48c0-26.5-21.5-48-48-48z\"><\/path><\/svg><\/span><\/div><\/div><div class=\"timeline-item__meta\"><div class=\"timeline-item__meta-content\">1954<\/div><\/div><\/div><div class=\"jet-timeline-item  elementor-repeater-item-3af3818 jet-timeline-item--image-inside\">\n\t<div class=\"timeline-item__card\">\n\t\t<div class=\"timeline-item__card-inner\">\n\t\t\t\t<div class=\"timeline-item__card-img\"><img loading=\"lazy\" decoding=\"async\" width=\"886\" height=\"705\" src=\"https:\/\/plath-corporation.de\/wp-content\/uploads\/Kapitaen-am-Peiler_historisch.png\" class=\"attachment-full size-full wp-image-345\" alt=\"Schwarz-Wei\u00df-Fotografie eines jungen Marine-Soldaten in Uniform aus den 50er Jahren, der direkt vor einem historischen Funkpeilger\u00e4t steht und dieses bedient. Er pr\u00fcft daf\u00fcr nah auf Augenh\u00f6he den Wert einer runden Anzeige, mit seiner linken Hand bet\u00e4tigt er einen Regler.\" srcset=\"https:\/\/plath-corporation.de\/wp-content\/uploads\/Kapitaen-am-Peiler_historisch.png 886w, https:\/\/plath-corporation.de\/wp-content\/uploads\/Kapitaen-am-Peiler_historisch-150x119.png 150w, https:\/\/plath-corporation.de\/wp-content\/uploads\/Kapitaen-am-Peiler_historisch-768x611.png 768w\" sizes=\"(max-width: 886px) 100vw, 886px\" \/><\/div>\t\t\t\t<div class=\"timeline-item__card-content\">\n\t\t\t\t\t<div class=\"timeline-item__meta\"><div class=\"timeline-item__meta-content\">1950 - 1970<\/div><\/div><h5 class=\"timeline-item__card-title\">Success through innovation<\/h5><div class=\"timeline-item__card-desc\">The key to PLATH's success is to offer the right product at the right time. The company brings many innovative products and solutions to patent maturity - often on a small budget under the difficult conditions of the post-war period. Dr. W\u00e4chtler's ability to drive this development forward is crucial to PLATH's great success at this time.<\/div>\t\t\t\t<\/div>\n\t\t\t\t\t\t<\/div>\n\t\t<div class=\"timeline-item__card-arrow\"><\/div>\n\t<\/div>\n\t<div class=\"timeline-item__point\"><div class=\"timeline-item__point-content timeline-item__point-content--icon\"><span class=\"jet-elements-icon\"><svg aria-hidden=\"true\" class=\"e-font-icon-svg e-fas-calendar-alt\" viewBox=\"0 0 448 512\" xmlns=\"http:\/\/www.w3.org\/2000\/svg\"><path d=\"M0 464c0 26.5 21.5 48 48 48h352c26.5 0 48-21.5 48-48V192H0v272zm320-196c0-6.6 5.4-12 12-12h40c6.6 0 12 5.4 12 12v40c0 6.6-5.4 12-12 12h-40c-6.6 0-12-5.4-12-12v-40zm0 128c0-6.6 5.4-12 12-12h40c6.6 0 12 5.4 12 12v40c0 6.6-5.4 12-12 12h-40c-6.6 0-12-5.4-12-12v-40zM192 268c0-6.6 5.4-12 12-12h40c6.6 0 12 5.4 12 12v40c0 6.6-5.4 12-12 12h-40c-6.6 0-12-5.4-12-12v-40zm0 128c0-6.6 5.4-12 12-12h40c6.6 0 12 5.4 12 12v40c0 6.6-5.4 12-12 12h-40c-6.6 0-12-5.4-12-12v-40zM64 268c0-6.6 5.4-12 12-12h40c6.6 0 12 5.4 12 12v40c0 6.6-5.4 12-12 12H76c-6.6 0-12-5.4-12-12v-40zm0 128c0-6.6 5.4-12 12-12h40c6.6 0 12 5.4 12 12v40c0 6.6-5.4 12-12 12H76c-6.6 0-12-5.4-12-12v-40zM400 64h-48V16c0-8.8-7.2-16-16-16h-32c-8.8 0-16 7.2-16 16v48H160V16c0-8.8-7.2-16-16-16h-32c-8.8 0-16 7.2-16 16v48H48C21.5 64 0 85.5 0 112v48h448v-48c0-26.5-21.5-48-48-48z\"><\/path><\/svg><\/span><\/div><\/div><div class=\"timeline-item__meta\"><div class=\"timeline-item__meta-content\">1950 - 1970<\/div><\/div><\/div><div class=\"jet-timeline-item  elementor-repeater-item-d6f6dfa jet-timeline-item--image-inside\">\n\t<div class=\"timeline-item__card\">\n\t\t<div class=\"timeline-item__card-inner\">\n\t\t\t\t<div class=\"timeline-item__card-img\"><img loading=\"lazy\" decoding=\"async\" width=\"800\" height=\"640\" src=\"https:\/\/plath-corporation.de\/wp-content\/uploads\/plath-corporation-funkpeilung-2438.jpg\" class=\"attachment-full size-full wp-image-970\" alt=\"\" srcset=\"https:\/\/plath-corporation.de\/wp-content\/uploads\/plath-corporation-funkpeilung-2438.jpg 800w, https:\/\/plath-corporation.de\/wp-content\/uploads\/plath-corporation-funkpeilung-2438-150x120.jpg 150w, https:\/\/plath-corporation.de\/wp-content\/uploads\/plath-corporation-funkpeilung-2438-768x614.jpg 768w\" sizes=\"(max-width: 800px) 100vw, 800px\" \/><\/div>\t\t\t\t<div class=\"timeline-item__card-content\">\n\t\t\t\t\t<div class=\"timeline-item__meta\"><div class=\"timeline-item__meta-content\">1980 - 2020<\/div><\/div><h5 class=\"timeline-item__card-title\">PLATH as a global player<\/h5><div class=\"timeline-item__card-desc\">At the end of the 1980s, PLATH was the global market leader in the field of radio direction finding. The respected 'Frankfurter Allgemeine Zeitung' newspaper wrote in September 1987 that even manufacturers from the USA had \"nothing comparable\" to PLATH's products.\n<br><br>\nOn November 22, 1988, company founder Dr. Maximilian W\u00e4chtler passes away. By this time, the company has registered around 300 patents.<\/div>\t\t\t\t<\/div>\n\t\t\t\t\t\t<\/div>\n\t\t<div class=\"timeline-item__card-arrow\"><\/div>\n\t<\/div>\n\t<div class=\"timeline-item__point\"><div class=\"timeline-item__point-content timeline-item__point-content--icon\"><span class=\"jet-elements-icon\"><svg aria-hidden=\"true\" class=\"e-font-icon-svg e-fas-calendar-alt\" viewBox=\"0 0 448 512\" xmlns=\"http:\/\/www.w3.org\/2000\/svg\"><path d=\"M0 464c0 26.5 21.5 48 48 48h352c26.5 0 48-21.5 48-48V192H0v272zm320-196c0-6.6 5.4-12 12-12h40c6.6 0 12 5.4 12 12v40c0 6.6-5.4 12-12 12h-40c-6.6 0-12-5.4-12-12v-40zm0 128c0-6.6 5.4-12 12-12h40c6.6 0 12 5.4 12 12v40c0 6.6-5.4 12-12 12h-40c-6.6 0-12-5.4-12-12v-40zM192 268c0-6.6 5.4-12 12-12h40c6.6 0 12 5.4 12 12v40c0 6.6-5.4 12-12 12h-40c-6.6 0-12-5.4-12-12v-40zm0 128c0-6.6 5.4-12 12-12h40c6.6 0 12 5.4 12 12v40c0 6.6-5.4 12-12 12h-40c-6.6 0-12-5.4-12-12v-40zM64 268c0-6.6 5.4-12 12-12h40c6.6 0 12 5.4 12 12v40c0 6.6-5.4 12-12 12H76c-6.6 0-12-5.4-12-12v-40zm0 128c0-6.6 5.4-12 12-12h40c6.6 0 12 5.4 12 12v40c0 6.6-5.4 12-12 12H76c-6.6 0-12-5.4-12-12v-40zM400 64h-48V16c0-8.8-7.2-16-16-16h-32c-8.8 0-16 7.2-16 16v48H160V16c0-8.8-7.2-16-16-16h-32c-8.8 0-16 7.2-16 16v48H48C21.5 64 0 85.5 0 112v48h448v-48c0-26.5-21.5-48-48-48z\"><\/path><\/svg><\/span><\/div><\/div><div class=\"timeline-item__meta\"><div class=\"timeline-item__meta-content\">1980 - 2020<\/div><\/div><\/div><div class=\"jet-timeline-item  elementor-repeater-item-4ae7c95 jet-timeline-item--image-inside\">\n\t<div class=\"timeline-item__card\">\n\t\t<div class=\"timeline-item__card-inner\">\n\t\t\t\t<div class=\"timeline-item__card-img\"><img loading=\"lazy\" decoding=\"async\" width=\"800\" height=\"533\" src=\"https:\/\/plath-corporation.de\/wp-content\/uploads\/plath-corporation-office-meeting-sst2021639267-small.jpg\" class=\"attachment-full size-full wp-image-480\" alt=\"Fotografie eines modernen Business Meetings. Eine Senior Managerin mit grauen schulterlangen Haaren und Brille steht vor einem Meetingtisch mit multikulturellen Gesch\u00e4ftsleuten und es wird \u00fcber eine Firmenpr\u00e4sentation diskutiert, die auf dem Bildschirm hinter der Frau zu sehen ist. Alle sind formell gekleidet und auf dem Tisch befinden sich Unterlagen, Wassergl\u00e4ser und ein Laptop.\" srcset=\"https:\/\/plath-corporation.de\/wp-content\/uploads\/plath-corporation-office-meeting-sst2021639267-small.jpg 800w, https:\/\/plath-corporation.de\/wp-content\/uploads\/plath-corporation-office-meeting-sst2021639267-small-150x100.jpg 150w, https:\/\/plath-corporation.de\/wp-content\/uploads\/plath-corporation-office-meeting-sst2021639267-small-768x512.jpg 768w\" sizes=\"(max-width: 800px) 100vw, 800px\" \/><\/div>\t\t\t\t<div class=\"timeline-item__card-content\">\n\t\t\t\t\t<div class=\"timeline-item__meta\"><div class=\"timeline-item__meta-content\">2021<\/div><\/div><h5 class=\"timeline-item__card-title\">Strategic reorganization<\/h5><div class=\"timeline-item__card-desc\">PLATH is consistently pursuing its growth path and strengthening the group's future orientation through a strategic reorganization. As part of this process, two business units are spun off as independent companies and from now on operate on the market as PLATH GmbH &amp; Co. KG and PLATH Signal Products GmbH &amp; Co KG. In the new organization, the parent company PLATH Corporation GmbH (formerly PLATH GmbH) now performs typical holding tasks and offers shared services for the companies in the group.<\/div>\t\t\t\t<\/div>\n\t\t\t\t\t\t<\/div>\n\t\t<div class=\"timeline-item__card-arrow\"><\/div>\n\t<\/div>\n\t<div class=\"timeline-item__point\"><div class=\"timeline-item__point-content timeline-item__point-content--icon\"><span class=\"jet-elements-icon\"><svg aria-hidden=\"true\" class=\"e-font-icon-svg e-fas-calendar-alt\" viewBox=\"0 0 448 512\" xmlns=\"http:\/\/www.w3.org\/2000\/svg\"><path d=\"M0 464c0 26.5 21.5 48 48 48h352c26.5 0 48-21.5 48-48V192H0v272zm320-196c0-6.6 5.4-12 12-12h40c6.6 0 12 5.4 12 12v40c0 6.6-5.4 12-12 12h-40c-6.6 0-12-5.4-12-12v-40zm0 128c0-6.6 5.4-12 12-12h40c6.6 0 12 5.4 12 12v40c0 6.6-5.4 12-12 12h-40c-6.6 0-12-5.4-12-12v-40zM192 268c0-6.6 5.4-12 12-12h40c6.6 0 12 5.4 12 12v40c0 6.6-5.4 12-12 12h-40c-6.6 0-12-5.4-12-12v-40zm0 128c0-6.6 5.4-12 12-12h40c6.6 0 12 5.4 12 12v40c0 6.6-5.4 12-12 12h-40c-6.6 0-12-5.4-12-12v-40zM64 268c0-6.6 5.4-12 12-12h40c6.6 0 12 5.4 12 12v40c0 6.6-5.4 12-12 12H76c-6.6 0-12-5.4-12-12v-40zm0 128c0-6.6 5.4-12 12-12h40c6.6 0 12 5.4 12 12v40c0 6.6-5.4 12-12 12H76c-6.6 0-12-5.4-12-12v-40zM400 64h-48V16c0-8.8-7.2-16-16-16h-32c-8.8 0-16 7.2-16 16v48H160V16c0-8.8-7.2-16-16-16h-32c-8.8 0-16 7.2-16 16v48H48C21.5 64 0 85.5 0 112v48h448v-48c0-26.5-21.5-48-48-48z\"><\/path><\/svg><\/span><\/div><\/div><div class=\"timeline-item__meta\"><div class=\"timeline-item__meta-content\">2021<\/div><\/div><\/div><div class=\"jet-timeline-item  elementor-repeater-item-084ae06 jet-timeline-item--image-inside\">\n\t<div class=\"timeline-item__card\">\n\t\t<div class=\"timeline-item__card-inner\">\n\t\t\t\t<div class=\"timeline-item__card-img\"><img loading=\"lazy\" decoding=\"async\" width=\"800\" height=\"533\" src=\"https:\/\/plath-corporation.de\/wp-content\/uploads\/plath-corporation-sst2226244055bearb-small.jpg\" class=\"attachment-full size-full wp-image-481\" alt=\"Fotografie einer lachenden etwa vierzigj\u00e4hrigen Gesch\u00e4ftsfrau mit blonden Haaren und Brille, die ihrem m\u00e4nnlichen Kollegen bei einem Businessmeeting ein High Five gibt. Die Frau ist dabei der Kamera zugewandt und schaut ihren Kollegen an, der mit dem R\u00fccken zur Kamera steht. Links von ihnen ist eine gro\u00dfe Fensterfront mit einer verschwommenen Stadt und einem Berg zu sehen.\" srcset=\"https:\/\/plath-corporation.de\/wp-content\/uploads\/plath-corporation-sst2226244055bearb-small.jpg 800w, https:\/\/plath-corporation.de\/wp-content\/uploads\/plath-corporation-sst2226244055bearb-small-150x100.jpg 150w, https:\/\/plath-corporation.de\/wp-content\/uploads\/plath-corporation-sst2226244055bearb-small-768x512.jpg 768w\" sizes=\"(max-width: 800px) 100vw, 800px\" \/><\/div>\t\t\t\t<div class=\"timeline-item__card-content\">\n\t\t\t\t\t<div class=\"timeline-item__meta\"><div class=\"timeline-item__meta-content\">2024<\/div><\/div><h5 class=\"timeline-item__card-title\">On course for 70 years<\/h5><div class=\"timeline-item__card-desc\">The group celebrates 70 years of PLATH. We look back on seven decades of enthusiasm, growth and innovation, which still inspire and drive us all every day.<\/div>\t\t\t\t<\/div>\n\t\t\t\t\t\t<\/div>\n\t\t<div class=\"timeline-item__card-arrow\"><\/div>\n\t<\/div>\n\t<div class=\"timeline-item__point\"><div class=\"timeline-item__point-content timeline-item__point-content--icon\"><span class=\"jet-elements-icon\"><svg aria-hidden=\"true\" class=\"e-font-icon-svg e-fas-calendar-alt\" viewBox=\"0 0 448 512\" xmlns=\"http:\/\/www.w3.org\/2000\/svg\"><path d=\"M0 464c0 26.5 21.5 48 48 48h352c26.5 0 48-21.5 48-48V192H0v272zm320-196c0-6.6 5.4-12 12-12h40c6.6 0 12 5.4 12 12v40c0 6.6-5.4 12-12 12h-40c-6.6 0-12-5.4-12-12v-40zm0 128c0-6.6 5.4-12 12-12h40c6.6 0 12 5.4 12 12v40c0 6.6-5.4 12-12 12h-40c-6.6 0-12-5.4-12-12v-40zM192 268c0-6.6 5.4-12 12-12h40c6.6 0 12 5.4 12 12v40c0 6.6-5.4 12-12 12h-40c-6.6 0-12-5.4-12-12v-40zm0 128c0-6.6 5.4-12 12-12h40c6.6 0 12 5.4 12 12v40c0 6.6-5.4 12-12 12h-40c-6.6 0-12-5.4-12-12v-40zM64 268c0-6.6 5.4-12 12-12h40c6.6 0 12 5.4 12 12v40c0 6.6-5.4 12-12 12H76c-6.6 0-12-5.4-12-12v-40zm0 128c0-6.6 5.4-12 12-12h40c6.6 0 12 5.4 12 12v40c0 6.6-5.4 12-12 12H76c-6.6 0-12-5.4-12-12v-40zM400 64h-48V16c0-8.8-7.2-16-16-16h-32c-8.8 0-16 7.2-16 16v48H160V16c0-8.8-7.2-16-16-16h-32c-8.8 0-16 7.2-16 16v48H48C21.5 64 0 85.5 0 112v48h448v-48c0-26.5-21.5-48-48-48z\"><\/path><\/svg><\/span><\/div><\/div><div class=\"timeline-item__meta\"><div class=\"timeline-item__meta-content\">2024<\/div><\/div><\/div><\/div><\/div><\/div>\t\t\t\t<\/div>\n\t\t\t\t<\/div>\n\t\t\t\t\t<\/div>\n\t\t\t\t<\/div>\n\t\t\t\t<\/div>\n\t\t","protected":false},"excerpt":{"rendered":"<p>STARTED WITH AN IDEAGROWN THROUGH INNOVATIVE SPIRIT From 1837 to the present day, our history has been characterized by historic moments of success and a consistently clear vision: to shape the future through innovative thinking and action. 1837 Our historical roots The North German instrument maker David Filby founds a store for nautical instruments and [&hellip;]<\/p>\n","protected":false},"author":1,"featured_media":0,"parent":0,"menu_order":0,"comment_status":"closed","ping_status":"closed","template":"","meta":{"footnotes":""},"class_list":["post-1360","page","type-page","status-publish","hentry"],"_links":{"self":[{"href":"https:\/\/plath-corporation.de\/en\/wp-json\/wp\/v2\/pages\/1360","targetHints":{"allow":["GET"]}}],"collection":[{"href":"https:\/\/plath-corporation.de\/en\/wp-json\/wp\/v2\/pages"}],"about":[{"href":"https:\/\/plath-corporation.de\/en\/wp-json\/wp\/v2\/types\/page"}],"author":[{"embeddable":true,"href":"https:\/\/plath-corporation.de\/en\/wp-json\/wp\/v2\/users\/1"}],"replies":[{"embeddable":true,"href":"https:\/\/plath-corporation.de\/en\/wp-json\/wp\/v2\/comments?post=1360"}],"version-history":[{"count":0,"href":"https:\/\/plath-corporation.de\/en\/wp-json\/wp\/v2\/pages\/1360\/revisions"}],"wp:attachment":[{"href":"https:\/\/plath-corporation.de\/en\/wp-json\/wp\/v2\/media?parent=1360"}],"curies":[{"name":"wp","href":"https:\/\/api.w.org\/{rel}","templated":true}]}}